{"id":273,"date":"2019-09-09T07:10:04","date_gmt":"2019-09-09T07:10:04","guid":{"rendered":"https:\/\/bridge255.qodeinteractive.com\/?page_id=273"},"modified":"2020-04-03T07:06:31","modified_gmt":"2020-04-03T07:06:31","slug":"about-us","status":"publish","type":"page","link":"http:\/\/steuerberater-plinke.de\/?page_id=273","title":{"rendered":"KANZLEI"},"content":{"rendered":"\t\t<div data-elementor-type=\"wp-post\" data-elementor-id=\"273\" class=\"elementor elementor-273\" data-elementor-settings=\"[]\">\n\t\t\t\t\t\t<div class=\"elementor-inner\">\n\t\t\t\t\t\t\t<div class=\"elementor-section-wrap\">\n\t\t\t\t\t\t\t<section class=\"elementor-section elementor-top-section elementor-element elementor-element-32ecf15 elementor-section-full_width elementor-section-content-middle elementor-section-height-default elementor-section-height-default parallax_section_no qode_elementor_container_no\" data-id=\"32ecf15\" data-element_type=\"section\">\n\t\t\t\t\t\t<div class=\"elementor-container elementor-column-gap-default\">\n\t\t\t\t\t\t\t<div class=\"elementor-row\">\n\t\t\t\t\t<div class=\"elementor-column elementor-col-50 elementor-top-column elementor-element elementor-element-7a27afd\" data-id=\"7a27afd\" data-element_type=\"column\">\n\t\t\t<div class=\"elementor-column-wrap elementor-element-populated\">\n\t\t\t\t\t\t\t<div class=\"elementor-widget-wrap\">\n\t\t\t\t\t\t<div class=\"elementor-element elementor-element-86d5cbd elementor-widget elementor-widget-text-editor\" data-id=\"86d5cbd\" data-element_type=\"widget\" data-widget_type=\"text-editor.default\">\n\t\t\t\t<div class=\"elementor-widget-container\">\n\t\t\t\t\t<div class=\"elementor-text-editor elementor-clearfix\"><h6>Die Plinke Steuerberatungsgesellschaft mbH ist aus der fr\u00fcheren Steuerkanzlei J. H. Nowak hervorgegangen und f\u00fchrt die lange Tradition des Unternehmens weiter fort. Neben dem Hauptstandort in Wehrheim f\u00fcr den Gro\u00dfraum Bad Homburg\/Frankfurt wurde 2019 ein zweiter Standort in Regensburg f\u00fcr den Gro\u00dfraum Oberpfalz er\u00f6ffnet.<\/h6><h6>Die Werte Vertrauen, Ehrlichkeit, Fairness und P\u00fcnktlichkeit sind weiterhin das Fundament, auf das das erfahrene Team der Kanzlei aufbaut.<\/h6><\/div>\n\t\t\t\t<\/div>\n\t\t\t\t<\/div>\n\t\t\t\t<div class=\"elementor-element elementor-element-979b9c2 elementor-widget elementor-widget-spacer\" data-id=\"979b9c2\" data-element_type=\"widget\" data-widget_type=\"spacer.default\">\n\t\t\t\t<div class=\"elementor-widget-container\">\n\t\t\t\t\t<div class=\"elementor-spacer\">\n\t\t\t<div class=\"elementor-spacer-inner\"><\/div>\n\t\t<\/div>\n\t\t\t\t<\/div>\n\t\t\t\t<\/div>\n\t\t\t\t\t\t<\/div>\n\t\t\t\t\t<\/div>\n\t\t<\/div>\n\t\t\t\t<div class=\"elementor-column elementor-col-50 elementor-top-column elementor-element elementor-element-e3758cd\" data-id=\"e3758cd\" data-element_type=\"column\">\n\t\t\t<div class=\"elementor-column-wrap elementor-element-populated\">\n\t\t\t\t\t\t\t<div class=\"elementor-widget-wrap\">\n\t\t\t\t\t\t<section class=\"elementor-section elementor-inner-section elementor-element elementor-element-f54b3b2 elementor-section-boxed elementor-section-height-default elementor-section-height-default parallax_section_no qode_elementor_container_no\" data-id=\"f54b3b2\" data-element_type=\"section\">\n\t\t\t\t\t\t<div class=\"elementor-container elementor-column-gap-default\">\n\t\t\t\t\t\t\t<div class=\"elementor-row\">\n\t\t\t\t\t<div class=\"elementor-column elementor-col-50 elementor-inner-column elementor-element elementor-element-5bef2f0\" data-id=\"5bef2f0\" data-element_type=\"column\">\n\t\t\t<div class=\"elementor-column-wrap elementor-element-populated\">\n\t\t\t\t\t\t\t<div class=\"elementor-widget-wrap\">\n\t\t\t\t\t\t<div class=\"elementor-element elementor-element-b29b7f8 elementor-widget elementor-widget-heading\" data-id=\"b29b7f8\" data-element_type=\"widget\" data-widget_type=\"heading.default\">\n\t\t\t\t<div class=\"elementor-widget-container\">\n\t\t\t<h4 class=\"elementor-heading-title elementor-size-default\">VERTRAUEN<\/h4>\t\t<\/div>\n\t\t\t\t<\/div>\n\t\t\t\t\t\t<\/div>\n\t\t\t\t\t<\/div>\n\t\t<\/div>\n\t\t\t\t<div class=\"elementor-column elementor-col-50 elementor-inner-column elementor-element elementor-element-28bbe81\" data-id=\"28bbe81\" data-element_type=\"column\">\n\t\t\t<div class=\"elementor-column-wrap elementor-element-populated\">\n\t\t\t\t\t\t\t<div class=\"elementor-widget-wrap\">\n\t\t\t\t\t\t<div class=\"elementor-element elementor-element-dc5c65c elementor-widget elementor-widget-heading\" data-id=\"dc5c65c\" data-element_type=\"widget\" data-widget_type=\"heading.default\">\n\t\t\t\t<div class=\"elementor-widget-container\">\n\t\t\t<h4 class=\"elementor-heading-title elementor-size-default\">EHRLICHKEIT<\/h4>\t\t<\/div>\n\t\t\t\t<\/div>\n\t\t\t\t\t\t<\/div>\n\t\t\t\t\t<\/div>\n\t\t<\/div>\n\t\t\t\t\t\t\t\t<\/div>\n\t\t\t\t\t<\/div>\n\t\t<\/section>\n\t\t\t\t<section class=\"elementor-section elementor-inner-section elementor-element elementor-element-aa0bcac elementor-section-boxed elementor-section-height-default elementor-section-height-default parallax_section_no qode_elementor_container_no\" data-id=\"aa0bcac\" data-element_type=\"section\">\n\t\t\t\t\t\t<div class=\"elementor-container elementor-column-gap-default\">\n\t\t\t\t\t\t\t<div class=\"elementor-row\">\n\t\t\t\t\t<div class=\"elementor-column elementor-col-50 elementor-inner-column elementor-element elementor-element-0be60d6\" data-id=\"0be60d6\" data-element_type=\"column\">\n\t\t\t<div class=\"elementor-column-wrap elementor-element-populated\">\n\t\t\t\t\t\t\t<div class=\"elementor-widget-wrap\">\n\t\t\t\t\t\t<div class=\"elementor-element elementor-element-65c0538 elementor-widget elementor-widget-heading\" data-id=\"65c0538\" data-element_type=\"widget\" data-widget_type=\"heading.default\">\n\t\t\t\t<div class=\"elementor-widget-container\">\n\t\t\t<h4 class=\"elementor-heading-title elementor-size-default\">FAIRNESS<\/h4>\t\t<\/div>\n\t\t\t\t<\/div>\n\t\t\t\t\t\t<\/div>\n\t\t\t\t\t<\/div>\n\t\t<\/div>\n\t\t\t\t<div class=\"elementor-column elementor-col-50 elementor-inner-column elementor-element elementor-element-30d542b\" data-id=\"30d542b\" data-element_type=\"column\">\n\t\t\t<div class=\"elementor-column-wrap elementor-element-populated\">\n\t\t\t\t\t\t\t<div class=\"elementor-widget-wrap\">\n\t\t\t\t\t\t<div class=\"elementor-element elementor-element-06fc50a elementor-widget elementor-widget-heading\" data-id=\"06fc50a\" data-element_type=\"widget\" data-widget_type=\"heading.default\">\n\t\t\t\t<div class=\"elementor-widget-container\">\n\t\t\t<h4 class=\"elementor-heading-title elementor-size-default\">P\u00dcNKTLICHKEIT<\/h4>\t\t<\/div>\n\t\t\t\t<\/div>\n\t\t\t\t\t\t<\/div>\n\t\t\t\t\t<\/div>\n\t\t<\/div>\n\t\t\t\t\t\t\t\t<\/div>\n\t\t\t\t\t<\/div>\n\t\t<\/section>\n\t\t\t\t\t\t<\/div>\n\t\t\t\t\t<\/div>\n\t\t<\/div>\n\t\t\t\t\t\t\t\t<\/div>\n\t\t\t\t\t<\/div>\n\t\t<\/section>\n\t\t\t\t<section class=\"elementor-section elementor-top-section elementor-element elementor-element-7acbc09 elementor-section-full_width elementor-section-height-default elementor-section-height-default parallax_section_no qode_elementor_container_no\" data-id=\"7acbc09\" data-element_type=\"section\">\n\t\t\t\t\t\t<div class=\"elementor-container elementor-column-gap-default\">\n\t\t\t\t\t\t\t<div class=\"elementor-row\">\n\t\t\t\t\t<div class=\"elementor-column elementor-col-100 elementor-top-column elementor-element elementor-element-47413a7\" data-id=\"47413a7\" data-element_type=\"column\">\n\t\t\t<div class=\"elementor-column-wrap elementor-element-populated\">\n\t\t\t\t\t\t\t<div class=\"elementor-widget-wrap\">\n\t\t\t\t\t\t<div class=\"elementor-element elementor-element-fd75046 elementor-widget elementor-widget-image\" data-id=\"fd75046\" data-element_type=\"widget\" data-widget_type=\"image.default\">\n\t\t\t\t<div class=\"elementor-widget-container\">\n\t\t\t\t\t<div class=\"elementor-image\">\n\t\t\t\t\t\t\t\t\t\t<img src=\"http:\/\/steuerberater-plinke.de\/wp-content\/uploads\/elementor\/thumbs\/IMG_7132-scaled-ongwwajc8yxfzp9ylcjfgbw86af3xqqmsmncdc1vkc.jpg\" title=\"IMG_7132\" alt=\"IMG_7132\" \/>\t\t\t\t\t\t\t\t\t\t\t<\/div>\n\t\t\t\t<\/div>\n\t\t\t\t<\/div>\n\t\t\t\t\t\t<\/div>\n\t\t\t\t\t<\/div>\n\t\t<\/div>\n\t\t\t\t\t\t\t\t<\/div>\n\t\t\t\t\t<\/div>\n\t\t<\/section>\n\t\t\t\t\t\t<\/div>\n\t\t\t\t\t\t<\/div>\n\t\t\t\t\t<\/div>\n\t\t","protected":false},"excerpt":{"rendered":"<p>Die Plinke Steuerberatungsgesellschaft mbH ist aus der fr\u00fcheren Steuerkanzlei J. H. Nowak hervorgegangen und f\u00fchrt die lange Tradition des Unternehmens weiter fort. Neben dem Hauptstandort in Wehrheim f\u00fcr den Gro\u00dfraum Bad Homburg\/Frankfurt wurde 2019 ein zweiter Standort in Regensburg f\u00fcr den Gro\u00dfraum Oberpfalz er\u00f6ffnet. Die&#8230;<\/p>\n","protected":false},"author":1,"featured_media":0,"parent":0,"menu_order":0,"comment_status":"closed","ping_status":"closed","template":"full_width.php","meta":[],"yoast_head":"<!-- This site is optimized with the Yoast SEO plugin v15.0 - https:\/\/yoast.com\/wordpress\/plugins\/seo\/ -->\n<title>KANZLEI - Plinke Steuerberatungsgesellschaft mbH<\/title>\n<meta name=\"robots\" content=\"index, follow, max-snippet:-1, max-image-preview:large, max-video-preview:-1\" \/>\n<link rel=\"canonical\" href=\"http:\/\/steuerberater-plinke.de\/?page_id=273\" \/>\n<meta property=\"og:locale\" content=\"de_DE\" \/>\n<meta property=\"og:type\" content=\"article\" \/>\n<meta property=\"og:title\" content=\"KANZLEI - Plinke Steuerberatungsgesellschaft mbH\" \/>\n<meta property=\"og:description\" content=\"Die Plinke Steuerberatungsgesellschaft mbH ist aus der fr\u00fcheren Steuerkanzlei J. H. Nowak hervorgegangen und f\u00fchrt die lange Tradition des Unternehmens weiter fort. Neben dem Hauptstandort in Wehrheim f\u00fcr den Gro\u00dfraum Bad Homburg\/Frankfurt wurde 2019 ein zweiter Standort in Regensburg f\u00fcr den Gro\u00dfraum Oberpfalz er\u00f6ffnet. Die...\" \/>\n<meta property=\"og:url\" content=\"http:\/\/steuerberater-plinke.de\/?page_id=273\" \/>\n<meta property=\"og:site_name\" content=\"Plinke Steuerberatungsgesellschaft mbH\" \/>\n<meta property=\"article:modified_time\" content=\"2020-04-03T07:06:31+00:00\" \/>\n<meta property=\"og:image\" content=\"http:\/\/steuerberater-plinke.de\/wp-content\/uploads\/elementor\/thumbs\/IMG_7132-scaled-ongwwajc8yxfzp9ylcjfgbw86af3xqqmsmncdc1vkc.jpg\" \/>\n<script type=\"application\/ld+json\" class=\"yoast-schema-graph\">{\"@context\":\"https:\/\/schema.org\",\"@graph\":[{\"@type\":\"WebSite\",\"@id\":\"http:\/\/steuerberater-plinke.de\/#website\",\"url\":\"http:\/\/steuerberater-plinke.de\/\",\"name\":\"Plinke Steuerberatungsgesellschaft mbH\",\"description\":\"Wolfgang Plinke | Wehrheim | Regensburg\",\"potentialAction\":[{\"@type\":\"SearchAction\",\"target\":\"http:\/\/steuerberater-plinke.de\/?s={search_term_string}\",\"query-input\":\"required name=search_term_string\"}],\"inLanguage\":\"de-DE\"},{\"@type\":\"ImageObject\",\"@id\":\"http:\/\/steuerberater-plinke.de\/?page_id=273#primaryimage\",\"inLanguage\":\"de-DE\",\"url\":\"http:\/\/steuerberater-plinke.de\/wp-content\/uploads\/elementor\/thumbs\/IMG_7132-scaled-ongwwajc8yxfzp9ylcjfgbw86af3xqqmsmncdc1vkc.jpg\"},{\"@type\":\"WebPage\",\"@id\":\"http:\/\/steuerberater-plinke.de\/?page_id=273#webpage\",\"url\":\"http:\/\/steuerberater-plinke.de\/?page_id=273\",\"name\":\"KANZLEI - Plinke Steuerberatungsgesellschaft mbH\",\"isPartOf\":{\"@id\":\"http:\/\/steuerberater-plinke.de\/#website\"},\"primaryImageOfPage\":{\"@id\":\"http:\/\/steuerberater-plinke.de\/?page_id=273#primaryimage\"},\"datePublished\":\"2019-09-09T07:10:04+00:00\",\"dateModified\":\"2020-04-03T07:06:31+00:00\",\"inLanguage\":\"de-DE\",\"potentialAction\":[{\"@type\":\"ReadAction\",\"target\":[\"http:\/\/steuerberater-plinke.de\/?page_id=273\"]}]}]}<\/script>\n<!-- \/ Yoast SEO plugin. -->","_links":{"self":[{"href":"http:\/\/steuerberater-plinke.de\/index.php?rest_route=\/wp\/v2\/pages\/273"}],"collection":[{"href":"http:\/\/steuerberater-plinke.de\/index.php?rest_route=\/wp\/v2\/pages"}],"about":[{"href":"http:\/\/steuerberater-plinke.de\/index.php?rest_route=\/wp\/v2\/types\/page"}],"author":[{"embeddable":true,"href":"http:\/\/steuerberater-plinke.de\/index.php?rest_route=\/wp\/v2\/users\/1"}],"replies":[{"embeddable":true,"href":"http:\/\/steuerberater-plinke.de\/index.php?rest_route=%2Fwp%2Fv2%2Fcomments&post=273"}],"version-history":[{"count":6,"href":"http:\/\/steuerberater-plinke.de\/index.php?rest_route=\/wp\/v2\/pages\/273\/revisions"}],"predecessor-version":[{"id":1250,"href":"http:\/\/steuerberater-plinke.de\/index.php?rest_route=\/wp\/v2\/pages\/273\/revisions\/1250"}],"wp:attachment":[{"href":"http:\/\/steuerberater-plinke.de\/index.php?rest_route=%2Fwp%2Fv2%2Fmedia&parent=273"}],"curies":[{"name":"wp","href":"https:\/\/api.w.org\/{rel}","templated":true}]}}